{"id":1337,"date":"2014-09-23T14:16:50","date_gmt":"2014-09-23T12:16:50","guid":{"rendered":"https:\/\/pfifftoys.com\/marche\/nerf\/"},"modified":"2025-09-24T13:18:35","modified_gmt":"2025-09-24T11:18:35","slug":"nerf","status":"publish","type":"page","link":"https:\/\/pfifftoys.com\/it\/marche\/nerf\/","title":{"rendered":"Marke &#8211; Nerf"},"content":{"rendered":"<p>NERF \u00e8 azione pura! Tutti i modelli NERF sono suddivisi in diverse linee e modelli. La pi\u00f9 famosa \u00e8 sicuramente quella dei dart blasters che comprende i blaster N-STRIKE, N-STRIKE ELITE, NERF REBELLE (la nuova linea per ragazze) nonch\u00e9 le pistole ad acqua NERF SUPER SOAKER.<\/p>\n","protected":false},"excerpt":{"rendered":"<p>NERF \u00e8 azione pura! Tutti i modelli NERF sono suddivisi in diverse linee e modelli. La pi\u00f9 famosa \u00e8 sicuramente quella dei dart blasters che comprende i blaster N-STRIKE, N-STRIKE ELITE, NERF REBELLE (la nuova linea per ragazze) nonch\u00e9 le pistole ad acqua NERF SUPER SOAKER.<\/p>\n","protected":false},"author":7,"featured_media":246,"parent":100,"menu_order":6,"comment_status":"open","ping_status":"open","template":"template-brand.php","meta":{"_acf_changed":false,"footnotes":""},"class_list":["post-1337","page","type-page","status-publish","has-post-thumbnail","hentry"],"acf":[],"_links":{"self":[{"href":"https:\/\/pfifftoys.com\/it\/wp-json\/wp\/v2\/pages\/1337","targetHints":{"allow":["GET"]}}],"collection":[{"href":"https:\/\/pfifftoys.com\/it\/wp-json\/wp\/v2\/pages"}],"about":[{"href":"https:\/\/pfifftoys.com\/it\/wp-json\/wp\/v2\/types\/page"}],"author":[{"embeddable":true,"href":"https:\/\/pfifftoys.com\/it\/wp-json\/wp\/v2\/users\/7"}],"replies":[{"embeddable":true,"href":"https:\/\/pfifftoys.com\/it\/wp-json\/wp\/v2\/comments?post=1337"}],"version-history":[{"count":10,"href":"https:\/\/pfifftoys.com\/it\/wp-json\/wp\/v2\/pages\/1337\/revisions"}],"predecessor-version":[{"id":8652,"href":"https:\/\/pfifftoys.com\/it\/wp-json\/wp\/v2\/pages\/1337\/revisions\/8652"}],"up":[{"embeddable":true,"href":"https:\/\/pfifftoys.com\/it\/wp-json\/wp\/v2\/pages\/100"}],"wp:featuredmedia":[{"embeddable":true,"href":"https:\/\/pfifftoys.com\/it\/wp-json\/wp\/v2\/media\/246"}],"wp:attachment":[{"href":"https:\/\/pfifftoys.com\/it\/wp-json\/wp\/v2\/media?parent=1337"}],"curies":[{"name":"wp","href":"https:\/\/api.w.org\/{rel}","templated":true}]}}