{"id":1338,"date":"2014-09-24T09:05:14","date_gmt":"2014-09-24T07:05:14","guid":{"rendered":"https:\/\/pfifftoys.com\/marche\/lego\/"},"modified":"2025-09-24T12:02:26","modified_gmt":"2025-09-24T10:02:26","slug":"lego","status":"publish","type":"page","link":"https:\/\/pfifftoys.com\/it\/marche\/lego\/","title":{"rendered":"Marke &#8211; Lego"},"content":{"rendered":"<p><b>LEGO<\/b> \u00e8 un produttore di giocattoli danese, noto a livello internazionale per la sua linea di mattoncini assemblabili. L&#8217;azienda, fondata nel 1916 da Ole Kirk Christiansen, ha iniziato a produrre i famosi mattoncini a partire dal 1949, ma soltanto dal 1958 essi assumono la particolare forma che ne caratterizza ancora oggi gli assemblaggi. Il nome LEGO, coniato nel 1934, deriva dall&#8217;unione delle parole danesi &#8220;<i>legt godt<\/i>&#8221; che significa &#8220;gioca bene&#8221;<sup id=\"cite_ref-Enc._It._2-0\" class=\"reference\"><\/sup>.<\/p>\n<p>Dalla iniziale serie classica, LEGO ha nel tempo realizzato anche la serie Duplo, dedicata ai pi\u00f9 piccoli con mattoncini pi\u00f9 grandi (quindi non ingeribili) e pi\u00f9 facilmente incastrabili, e la serie <i>Primo<\/i> dedicata ai neonati; la serie Lego Technic, rivolta ai pi\u00f9 grandi, costituita da una gran quantit\u00e0 di pezzi meccanici, ingranaggi, motori, sensori, e perfino programmabile via PC con numerose funzioni personalizzabili (serie Lego Mindstorms<i><\/i>). In seguito il marchio LEGO \u00e8 stato applicato con successo, sempre rimanendo fedele a se stesso, anche ad alcune serie di videogiochi e film come LEGO Harry Potter, LEGO Indiana Jones, LEGO Batman, la serie LEGO Star Wars, LEGO Il Signore degli Anelli e LEGO Pirato dei Caraibi.<\/p>\n","protected":false},"excerpt":{"rendered":"<p>LEGO \u00e8 un produttore di giocattoli danese, noto a livello internazionale per la sua linea di mattoncini assemblabili. L&#8217;azienda, fondata nel 1916 da Ole Kirk Christiansen, ha iniziato a produrre i famosi mattoncini a partire dal 1949, ma soltanto dal 1958 essi assumono la particolare forma che ne caratterizza ancora [&hellip;]<\/p>\n","protected":false},"author":7,"featured_media":247,"parent":100,"menu_order":1,"comment_status":"open","ping_status":"open","template":"template-brand.php","meta":{"_acf_changed":false,"footnotes":""},"class_list":["post-1338","page","type-page","status-publish","has-post-thumbnail","hentry"],"acf":[],"_links":{"self":[{"href":"https:\/\/pfifftoys.com\/it\/wp-json\/wp\/v2\/pages\/1338","targetHints":{"allow":["GET"]}}],"collection":[{"href":"https:\/\/pfifftoys.com\/it\/wp-json\/wp\/v2\/pages"}],"about":[{"href":"https:\/\/pfifftoys.com\/it\/wp-json\/wp\/v2\/types\/page"}],"author":[{"embeddable":true,"href":"https:\/\/pfifftoys.com\/it\/wp-json\/wp\/v2\/users\/7"}],"replies":[{"embeddable":true,"href":"https:\/\/pfifftoys.com\/it\/wp-json\/wp\/v2\/comments?post=1338"}],"version-history":[{"count":14,"href":"https:\/\/pfifftoys.com\/it\/wp-json\/wp\/v2\/pages\/1338\/revisions"}],"predecessor-version":[{"id":8634,"href":"https:\/\/pfifftoys.com\/it\/wp-json\/wp\/v2\/pages\/1338\/revisions\/8634"}],"up":[{"embeddable":true,"href":"https:\/\/pfifftoys.com\/it\/wp-json\/wp\/v2\/pages\/100"}],"wp:featuredmedia":[{"embeddable":true,"href":"https:\/\/pfifftoys.com\/it\/wp-json\/wp\/v2\/media\/247"}],"wp:attachment":[{"href":"https:\/\/pfifftoys.com\/it\/wp-json\/wp\/v2\/media?parent=1338"}],"curies":[{"name":"wp","href":"https:\/\/api.w.org\/{rel}","templated":true}]}}