{"id":1339,"date":"2014-09-24T09:05:36","date_gmt":"2014-09-24T07:05:36","guid":{"rendered":"https:\/\/pfifftoys.com\/marche\/playmobil\/"},"modified":"2025-09-24T11:46:14","modified_gmt":"2025-09-24T09:46:14","slug":"playmobil","status":"publish","type":"page","link":"https:\/\/pfifftoys.com\/it\/marche\/playmobil\/","title":{"rendered":"Marke &#8211; Playmobil"},"content":{"rendered":"<p><strong>Negli anni \u201970 Horst Brandst\u00e4tter, capo dell\u2019azienda tedesca geobra Brandst\u00e4tter, incaric\u00f2 il suo sviluppatore Hans Beck di creare un sistema di giocattoli completamente nuovo, costantemente ampliabile. La direttiva: massimizzare il valore del gioco riducendo il pi\u00f9 possibile il consumo di plastica. Il risultato: figure alte 7,5 centimetri &#8211; un cavaliere, un operaio e un indiano &#8211; presentati al pubblico per la prima volta con il nome <a href=\"https:\/\/shop.pfifftoys.com\/PFIFF-TOYS-Lana-CC-Amort-Lana\/marken\/playmobil\" target=\"_blank\" rel=\"noopener noreferrer\">Playmobil<\/a> alla fiera del giocattolo di Norimberga del 1974.<\/strong><\/p>\n<p><em>Da allora, PLAYMOBIL\u00ae ha appassionato bambini di tutto il mondo e li ha incoraggiati a compiere giochi di ruolo fantasiosi. Ma cosa rende Playmobil cos\u00ec speciale, come viene creato e quali tipologie esistono? Cerchiamo qui di darvi una piccola panoramica, invitandovi a lasciar correre la fantasia.<\/em><\/p>\n<p style=\"text-align: center;\"><a href=\"https:\/\/shop.pfifftoys.com\/\"class=\"wpz-sc-button\" style=\";background:#ffd133;border-color:#ffd133\"><span class=\"wpz-\">Vai allo shop<\/span><\/a><\/p>\n<p>&nbsp;<\/p>\n<h2><em>Piccole figure da gioco diventano grandi<\/em><\/h2>\n<p>Oltre 3,5 miliardi di figure, circa 40 temi\/mondi, distribuzione in circa 100 paesi. Queste sono solo alcune delle cifre che descrivono PLAYMOBIL\u00ae.<br \/>\nI <a href=\"https:\/\/shop.pfifftoys.com\/PFIFF-TOYS-Lana-CC-Amort-Lana\/marken\/playmobil\" target=\"_blank\" rel=\"noopener noreferrer\">giocattoli PLAYMOBIL\u00ae<\/a> sono solitamente divisi in mondi tematici. Gli inizi furono fatti con cavalieri, costruttori e indiani, ma nel frattempo l&#8217;azienda pu\u00f2 vantare numerose serie &#8211; e ogni anno se ne aggiungono di nuove. La fama di questo classico del mondo dei giocattoli continua ininterrotta in tutto il mondo.<\/p>\n<p>A differenza di molti dei suoi concorrenti, geobra Brandst\u00e4tter Stiftung &amp; Co. KG non ha spostato la produzione nei paesi asiatici a basso salario. L&#8217;azienda ha sede a Zirndorf vicino a Norimberga e siti di produzione a Malta, nella Repubblica Ceca e in Spagna.<\/p>\n<p>&nbsp;<\/p>\n<h2><em>Come vengono creati i giocattoli PLAYMOBIL\u00ae?<\/em><\/h2>\n<p><strong>I desideri dei bambini giocano un ruolo importante nella progettazione di questi giocattoli.<\/strong> Infatti, assieme a un&#8217;attenta ricerca su determinati argomenti, questi fungono da base per il lavoro dei designer. Questi ultimi disegnano amorevolmente gli articoli fino al pi\u00f9 piccolo dettaglio. I successivi test approfonditi garantiscono la qualit\u00e0. I giocattoli vengono sottoposti a cadute, trazione, test di stabilit\u00e0 e chimici. In questo modo nascono giocattoli non solo di alta qualit\u00e0, ma anche sicuri.<\/p>\n<p>&nbsp;<\/p>\n<h2><em>Cosa rende PLAYMOBIL\u00ae cos\u00ec speciale?<\/em><\/h2>\n<p><a href=\"https:\/\/shop.pfifftoys.com\/PFIFF-TOYS-Lana-CC-Amort-Lana\/marken\/playmobil\" target=\"_blank\" rel=\"noopener noreferrer\">PLAYMOBIL\u00ae<\/a> \u00e8 giustamente considerato uno dei classici nel mondo dei giocattoli ed \u00e8 popolare in tutto il mondo. Ecco alcune ragioni del perch\u00e9:<\/p>\n<div class=\"shortcode-orderedlist decimal\"><\/p>\n<ol>\n<li>Le figure sono state appositamente progettate per adattarsi alle mani dei bambini.<\/li>\n<li>I visi simpatici delle figure sembrano essere uscite direttamente dai disegni dei bambini: testa grande, sorriso amichevole e &#8211; tipico di PLAYMOBIL\u00ae &#8211; niente naso.<\/li>\n<li>Costruire e ricostruire i set favorisce la motricit\u00e0.<\/li>\n<li>I mini-mondi storici e moderni affascinano i bambini e sono apprezzati da genitori ed educatori.<\/li>\n<li>PLAYMOBIL\u00ae promuove l&#8217;immaginazione e la creativit\u00e0 dei bambini, li spinge ad assumere ruoli diversi e li aiuta a comprendere il mondo attraverso il gioco.<\/li>\n<\/ol>\n<p><\/div>\n\n<p>&nbsp;<\/p>\n<h2><em>Immergersi in nuovi mondi: Mondi tematici ed espansioni<\/em><\/h2>\n<p>La straordinaria variet\u00e0 di prodotti permette ai bambini di diverse et\u00e0 di ricreare ambienti quotidiani come fattorie, zoo, stazioni di polizia e dei pompieri, ma anche di scoprire mondi di fantasia (draghi, castelli,&#8230;).<br \/>\nDifendere il castello come un <a href=\"https:\/\/shop.pfifftoys.com\/PFIFF-TOYS-Lana-CC-Amort-Lana\/suche?query=playmobil+ritter&amp;logInitial=1\" target=\"_blank\" rel=\"noopener noreferrer\">cavaliere<\/a>, catturare i cattivi come un <a href=\"https:\/\/shop.pfifftoys.com\/PFIFF-TOYS-Lana-CC-Amort-Lana\/suche?query=playmobil+polizei&amp;logInitial=1\" target=\"_blank\" rel=\"noopener noreferrer\">poliziotto<\/a> o conquistare gli oceani come un <a href=\"https:\/\/shop.pfifftoys.com\/PFIFF-TOYS-Lana-CC-Amort-Lana\/suche?query=playmobil+pirates&amp;logInitial=1\" target=\"_blank\" rel=\"noopener noreferrer\">pirata<\/a>: <a href=\"https:\/\/shop.pfifftoys.com\/PFIFF-TOYS-Lana-CC-Amort-Lana\/marken\/playmobil\" target=\"_blank\" rel=\"noopener noreferrer\">PLAYMOBIL\u00ae<\/a> promette avventure e divertimenti senza limiti.<\/p>\n<div class=\"twocol-one\">\n<h3><em>PLAYMOBIL\u00ae Scooby Doo<\/em><\/h3>\n<p>Partite alla caccia di fantasmi con il set <a href=\"https:\/\/shop.pfifftoys.com\/PFIFF-TOYS-Lana-CC-Amort-Lana\/suche?query=playmobil+scooby+doo&amp;logInitial=1\" target=\"_blank\" rel=\"noopener noreferrer\">PLAYMOBIL\u00ae Scooby Doo<\/a>. I giocattoli basati sui cartoni animati americani permettono di rievocare abilmente le scene e dare la caccia ai cattivi.<br \/>\nFred, Daphne, Velma, Shaggy e Scooby Doo aspettano grandi e piccini per la prossima \u201cspaventosa\u201d missione. Per bambini dai 5 anni.<\/p>\n<h3><em>PLAYMOBIL\u00ae Dragons<\/em><\/h3>\n<p>Dragon Trainer &#8211; questo \u00e8 il titolo della popolare serie di film su Hiccup, Sdentato, gli abitanti di Berk e i loro draghi. Grazie a PLAYMOBIL\u00ae, i bambini a partire dai 4 anni possono diventare loro stessi degli addestratori di draghi. Portatevi a casa il fantastico <a href=\"https:\/\/shop.pfifftoys.com\/PFIFF-TOYS-Lana-CC-Amort-Lana\/suche?query=playmobil+dragons&amp;logInitial=1\" target=\"_blank\" rel=\"noopener noreferrer\">mondo di Dragon Trainer<\/a>!<\/p>\n<h3><em>PLAYMOBIL\u00ae Heidi<\/em><\/h3>\n<p>Esplorare le Alpi svizzere con Heidi, aiutare il nonno a lavorare in baita o incontrare le capre di Peter? Tutto questo \u00e8 possibile con i set <a href=\"https:\/\/shop.pfifftoys.com\/PFIFF-TOYS-Lana-CC-Amort-Lana\/suche?query=playmobil+heidi&amp;logInitial=1\" target=\"_blank\" rel=\"noopener noreferrer\">PLAYMOBIL\u00ae Heidi<\/a>. Per bambini dai 4 anni.<\/p>\n<h3><em>PLAYMOBIL\u00ae Polizia<\/em><\/h3>\n<p>Diventare un poliziotto e dare la caccia ai criminali: Il sogno di molti bambini pu\u00f2 (quasi) diventare realt\u00e0 con <a href=\"https:\/\/shop.pfifftoys.com\/PFIFF-TOYS-Lana-CC-Amort-Lana\/suche?query=playmobil+polizei&amp;logInitial=1\" target=\"_blank\" rel=\"noopener noreferrer\">questo mini-mondo PLAYMOBIL\u00ae<\/a>. Appassionanti giochi di ruolo vengono resi possibili grazie alla stazione di polizia, alla macchina della polizia, al cane poliziotto, agli agenti in moto, a cavallo o in elicottero. Per bambini dai 4 anni.<\/p>\n<\/div> <div class=\"twocol-one last\">\n<h3><em>PLAYMOBIL\u00ae Country<\/em><\/h3>\n<p>Godetevi l&#8217;idilliaca vita di campagna con i set <a href=\"https:\/\/shop.pfifftoys.com\/PFIFF-TOYS-Lana-CC-Amort-Lana\/suche?query=playmobil+country&amp;logInitial=1\" target=\"_blank\" rel=\"noopener noreferrer\">PLAYMOBIL\u00ae Country<\/a>. Dalla fattoria dei pony al maneggio con cowboy, cavalli, stalle e abbeveratoi &#8211; i set e le espansioni offrono tutto ci\u00f2 che i bambini possono desiderare. Per bambini dai 4 o 5 anni, a seconda del set.<\/p>\n<h3><em>PLAYMOBIL\u00ae Family Fun<\/em><\/h3>\n<p>Un divertimento \u201cfamigliare\u201d attende voi e i vostri bambini con i <a href=\"https:\/\/shop.pfifftoys.com\/PFIFF-TOYS-Lana-CC-Amort-Lana\/suche?query=playmobil+family+fun&amp;logInitial=1\" target=\"_blank\" rel=\"noopener noreferrer\">set Family Fun<\/a>. L&#8217;isola con il bar sulla spiaggia, il bungalow con la piscina e il rifugio di sci creano feeling di vacanza e invitano a rievocare l&#8217;ultima indimenticabile vacanza in famiglia. Per bambini dai 4 anni.<\/p>\n<h3><em>PLAYMOBIL\u00ae City Life<\/em><\/h3>\n<p>Entrate nello stile di vita della grande citt\u00e0! Galleria di negozi, bar preferito, salone per cani, negozio di bici e molto altro permettono ai bambini di <a href=\"https:\/\/shop.pfifftoys.com\/PFIFF-TOYS-Lana-CC-Amort-Lana\/suche?query=playmobil+city+life&amp;logInitial=1\" target=\"_blank\" rel=\"noopener noreferrer\">immergersi nella vita urbana<\/a>. Per bambini dai 4 o 5 anni, a seconda del set.<\/p>\n<h3><em>PLAYMOBIL\u00ae Pirati<\/em><\/h3>\n<p>All\u2019arrembaggio! I vostri piccoli selvaggi vogliono navigare gli oceani come i pirati? Il mondo <a href=\"https:\/\/shop.pfifftoys.com\/PFIFF-TOYS-Lana-CC-Amort-Lana\/suche?query=playmobil+pirates&amp;logInitial=1\" target=\"_blank\" rel=\"noopener noreferrer\">PLAYMOBIL\u00ae Pirates<\/a> soddisfer\u00e0 la loro sete di avventura. Navi, cannoni, vele e isole del tesoro li aiuteranno o a immergersi nel fantastico mondo dei pirati. Per bambini dai 4 o 5 anni, a seconda del set.<\/p>\n<\/div><\/p>\n<p>&nbsp;<\/p>\n<h2><em>PLAYMOBIL\u00ae 123 per la prima infanzia<\/em><\/h2>\n<p>I normali giocattoli PLAYMOBIL\u00ae per i bambini dai 4 anni contengono ovviamente molte piccole parti che rendono le figure e i set cos\u00ec dettagliati e particolari. Per i bambini piccoli, tuttavia, questo pone un certo rischio. Per evitarlo, PLAYMOBIL\u00ae ha sviluppato la <a href=\"https:\/\/shop.pfifftoys.com\/PFIFF-TOYS-Lana-CC-Amort-Lana\/suche?query=playmobil+123&amp;logInitial=1\" target=\"_blank\" rel=\"noopener noreferrer\">serie 123<\/a>: Set specifici per bambini tra 1 \u00bd e 3 anni con forme grandi e rotonde e senza parti piccole che rischiano di essere inghiottite. Questo rende le figure facili da afferrare e sicure anche per i bambini pi\u00f9 piccoli.<\/p>\n<p>Dal treno all\u2019ambulanza, dalla bancarella del mercato alla stazione di polizia, dai leoni dello zoo al camion della spazzatura \u2013 c\u2019\u00e8 di tutto e di pi\u00f9 per entusiasmare i bambini in tenera et\u00e0.<\/p>\n<p>&nbsp;<\/p>\n<h2><em>Alla ricerca di un PLAYMOBIL\u00ae shop? Trova gli articoli da Pfiff Toys!<\/em><\/h2>\n<p>Da noi trovate un\u2019ampia scelta sempre aggiornata di <a href=\"https:\/\/shop.pfifftoys.com\/PFIFF-TOYS-Lana-CC-Amort-Lana\/marken\/playmobil\" target=\"_blank\" rel=\"noopener noreferrer\">prodotti PLAYMOBIL\u00ae<\/a> a prezzi convenienti. Siamo a disposizione per una consulenza personalizzata e per offrirvi il miglior servizio possibile \u2013 sia <a href=\"https:\/\/pfifftoys.com\/it\/negozi\/\" target=\"_blank\" rel=\"noopener noreferrer\">nei nostri store<\/a> che tramite il servizio clienti dello <a href=\"https:\/\/shop.pfifftoys.com\/\" target=\"_blank\" rel=\"noopener noreferrer\">shop online<\/a>.<br \/>\nDecidete liberamente se prenotare i prodotti online e ritirarli in uno dei 10 negozi Pfiff Toys o se acquistare direttamente nello shop online. Consegniamo in tutta Italia in 2-5 giorni lavorativi, siamo certificati Trusted Shops e offriamo metodi di pagamento sicuri.<\/p>\n<p>&nbsp;<\/p>\n<p style=\"text-align: center;\"><a href=\"https:\/\/shop.pfifftoys.com\/\"class=\"wpz-sc-button\" style=\";background:#ffd133;border-color:#ffd133\"><span class=\"wpz-\">Vai allo shop<\/span><\/a><\/p>\n","protected":false},"excerpt":{"rendered":"<p>Negli anni \u201970 Horst Brandst\u00e4tter, capo dell\u2019azienda tedesca geobra Brandst\u00e4tter, incaric\u00f2 il suo sviluppatore Hans Beck di creare un sistema di giocattoli completamente nuovo, costantemente ampliabile. La direttiva: massimizzare il valore del gioco riducendo il pi\u00f9 possibile il consumo di plastica. Il risultato: figure alte 7,5 centimetri &#8211; un cavaliere, [&hellip;]<\/p>\n","protected":false},"author":7,"featured_media":289,"parent":100,"menu_order":0,"comment_status":"open","ping_status":"open","template":"template-brand.php","meta":{"_acf_changed":false,"footnotes":""},"class_list":["post-1339","page","type-page","status-publish","has-post-thumbnail","hentry"],"acf":[],"_links":{"self":[{"href":"https:\/\/pfifftoys.com\/it\/wp-json\/wp\/v2\/pages\/1339","targetHints":{"allow":["GET"]}}],"collection":[{"href":"https:\/\/pfifftoys.com\/it\/wp-json\/wp\/v2\/pages"}],"about":[{"href":"https:\/\/pfifftoys.com\/it\/wp-json\/wp\/v2\/types\/page"}],"author":[{"embeddable":true,"href":"https:\/\/pfifftoys.com\/it\/wp-json\/wp\/v2\/users\/7"}],"replies":[{"embeddable":true,"href":"https:\/\/pfifftoys.com\/it\/wp-json\/wp\/v2\/comments?post=1339"}],"version-history":[{"count":38,"href":"https:\/\/pfifftoys.com\/it\/wp-json\/wp\/v2\/pages\/1339\/revisions"}],"predecessor-version":[{"id":8625,"href":"https:\/\/pfifftoys.com\/it\/wp-json\/wp\/v2\/pages\/1339\/revisions\/8625"}],"up":[{"embeddable":true,"href":"https:\/\/pfifftoys.com\/it\/wp-json\/wp\/v2\/pages\/100"}],"wp:featuredmedia":[{"embeddable":true,"href":"https:\/\/pfifftoys.com\/it\/wp-json\/wp\/v2\/media\/289"}],"wp:attachment":[{"href":"https:\/\/pfifftoys.com\/it\/wp-json\/wp\/v2\/media?parent=1339"}],"curies":[{"name":"wp","href":"https:\/\/api.w.org\/{rel}","templated":true}]}}