{"id":1340,"date":"2014-09-24T09:06:26","date_gmt":"2014-09-24T07:06:26","guid":{"rendered":"https:\/\/pfifftoys.com\/marche\/zapf-creation\/"},"modified":"2025-09-24T13:11:04","modified_gmt":"2025-09-24T11:11:04","slug":"zapf-creation","status":"publish","type":"page","link":"https:\/\/pfifftoys.com\/it\/marche\/zapf-creation\/","title":{"rendered":"Marke &#8211; Zapf Creation"},"content":{"rendered":"<p>Le bambole sono da molti decenni al primo posto nella lista dei desideri delle bambine. Zapf produce bambole da sogno, fedeli amiche di tutte le bambine del mondo. Alcune tra le bambole pi\u00f9 amate di Zapf sono:<\/p>\n<p><em>BABY born\u00ae \u00e8 la bambola n\u00b0 1 da pi\u00f9 di 20 anni. Con BABY born\u00ae non ci sono limiti al gioco con le bambole, poich\u00e9 sa fare proprio tutto. Una bambola straordinaria con 8 funzioni realistiche, giocabili senza batterie, ed un mondo ricco di fantasia, che, in modo particolarmente veritiero, stimola e aiuta a giocare a mamma e figlio.<\/em><\/p>\n<p>Baby Annabell\u00ae \u00e8 come un vero beb\u00e8 con funzioni realistiche e dalle graziose espressioni del visino. Reagisce al contatto, pu\u00f2 piangere con lacrime vere e adora il suo biberon ed il suo ciuccio. Le piccole mamme tra tre ed otto anni trovano nel mondo di Baby Annabell\u00ae tutto ci\u00f2 di cui un \u201cvero beb\u00e8\u201d necessita.<\/p>\n<p><em>My Model \u00e8 il massimo per gli appassionati di styling. Le teste di bambola da truccare ed acconciare, molto amate, sono perfette per grandi idee e piccole mani.<\/em><\/p>\n","protected":false},"excerpt":{"rendered":"<p>Le bambole sono da molti decenni al primo posto nella lista dei desideri delle bambine. Zapf produce bambole da sogno, fedeli amiche di tutte le bambine del mondo. Alcune tra le bambole pi\u00f9 amate di Zapf sono: BABY born\u00ae \u00e8 la bambola n\u00b0 1 da pi\u00f9 di 20 anni. Con [&hellip;]<\/p>\n","protected":false},"author":7,"featured_media":249,"parent":100,"menu_order":4,"comment_status":"open","ping_status":"open","template":"template-brand.php","meta":{"_acf_changed":false,"footnotes":""},"class_list":["post-1340","page","type-page","status-publish","has-post-thumbnail","hentry"],"acf":[],"_links":{"self":[{"href":"https:\/\/pfifftoys.com\/it\/wp-json\/wp\/v2\/pages\/1340","targetHints":{"allow":["GET"]}}],"collection":[{"href":"https:\/\/pfifftoys.com\/it\/wp-json\/wp\/v2\/pages"}],"about":[{"href":"https:\/\/pfifftoys.com\/it\/wp-json\/wp\/v2\/types\/page"}],"author":[{"embeddable":true,"href":"https:\/\/pfifftoys.com\/it\/wp-json\/wp\/v2\/users\/7"}],"replies":[{"embeddable":true,"href":"https:\/\/pfifftoys.com\/it\/wp-json\/wp\/v2\/comments?post=1340"}],"version-history":[{"count":11,"href":"https:\/\/pfifftoys.com\/it\/wp-json\/wp\/v2\/pages\/1340\/revisions"}],"predecessor-version":[{"id":8645,"href":"https:\/\/pfifftoys.com\/it\/wp-json\/wp\/v2\/pages\/1340\/revisions\/8645"}],"up":[{"embeddable":true,"href":"https:\/\/pfifftoys.com\/it\/wp-json\/wp\/v2\/pages\/100"}],"wp:featuredmedia":[{"embeddable":true,"href":"https:\/\/pfifftoys.com\/it\/wp-json\/wp\/v2\/media\/249"}],"wp:attachment":[{"href":"https:\/\/pfifftoys.com\/it\/wp-json\/wp\/v2\/media?parent=1340"}],"curies":[{"name":"wp","href":"https:\/\/api.w.org\/{rel}","templated":true}]}}