{"id":1942,"date":"2015-08-05T18:00:55","date_gmt":"2015-08-05T16:00:55","guid":{"rendered":"https:\/\/pfifftoys.com\/?page_id=1942"},"modified":"2021-03-08T18:56:10","modified_gmt":"2021-03-08T17:56:10","slug":"uso-di-cookies","status":"publish","type":"page","link":"https:\/\/pfifftoys.com\/it\/uso-di-cookies\/","title":{"rendered":"Uso di cookies"},"content":{"rendered":"<p>Cookies sono piccoli file con testo che vengono depositati sul Suo Computer quando visita certi siti web. Semplificano e personalizzano la tua esperienza web.<\/p>\n<p>Con l\u2019uso di questo sito web dichiari il Suo consenso per salvare Cookie sul Suo Computer.<\/p>\n<p>Puo disattivare l\u2019uso dei Cookie e rimuovere i Cookie gi\u00e1 slavati ma pu\u00f3 essere che viene limitata o disattivata la funzionalit\u00e1 del sito web.<\/p>\n<p>Questo sito usa i seguenti Cookie:<\/p>\n<ul>\n<li>Cookie per prestazione, per misurare l\u2019uso delle funzionalit\u00e1 presenti sul sito. Questi Cookie non raccolgono dati sulla tua identit\u00e1. Le informazioni vengono mandati in forma anonima a un Google Server (Stati Uniti) e vengono salvati li. Google trasmetter\u00e1 questi dati a terzi, se \u00e9 necessario o se questi terzi elaborano questi dati per Google.<\/li>\n<li>Cookie technici, che sono indispensabili per l\u2019uso ottimale delle funzioni del sito o del contenuto (p.e. navigazione).<\/li>\n<\/ul>\n","protected":false},"excerpt":{"rendered":"<p>Cookies sono piccoli file con testo che vengono depositati sul Suo Computer quando visita certi siti web. Semplificano e personalizzano la tua esperienza web. Con l\u2019uso di questo sito web dichiari il Suo consenso per salvare Cookie sul Suo Computer. Puo disattivare l\u2019uso dei Cookie e rimuovere i Cookie gi\u00e1 [&hellip;]<\/p>\n","protected":false},"author":7,"featured_media":0,"parent":0,"menu_order":4,"comment_status":"closed","ping_status":"open","template":"","meta":{"_acf_changed":false,"footnotes":""},"class_list":["post-1942","page","type-page","status-publish","hentry"],"acf":[],"_links":{"self":[{"href":"https:\/\/pfifftoys.com\/it\/wp-json\/wp\/v2\/pages\/1942","targetHints":{"allow":["GET"]}}],"collection":[{"href":"https:\/\/pfifftoys.com\/it\/wp-json\/wp\/v2\/pages"}],"about":[{"href":"https:\/\/pfifftoys.com\/it\/wp-json\/wp\/v2\/types\/page"}],"author":[{"embeddable":true,"href":"https:\/\/pfifftoys.com\/it\/wp-json\/wp\/v2\/users\/7"}],"replies":[{"embeddable":true,"href":"https:\/\/pfifftoys.com\/it\/wp-json\/wp\/v2\/comments?post=1942"}],"version-history":[{"count":7,"href":"https:\/\/pfifftoys.com\/it\/wp-json\/wp\/v2\/pages\/1942\/revisions"}],"predecessor-version":[{"id":6027,"href":"https:\/\/pfifftoys.com\/it\/wp-json\/wp\/v2\/pages\/1942\/revisions\/6027"}],"wp:attachment":[{"href":"https:\/\/pfifftoys.com\/it\/wp-json\/wp\/v2\/media?parent=1942"}],"curies":[{"name":"wp","href":"https:\/\/api.w.org\/{rel}","templated":true}]}}