{"id":2426,"date":"2015-04-21T13:50:02","date_gmt":"2015-04-21T11:50:02","guid":{"rendered":"https:\/\/pfifftoys.com\/marche\/big\/"},"modified":"2025-09-24T12:04:31","modified_gmt":"2025-09-24T10:04:31","slug":"big","status":"publish","type":"page","link":"https:\/\/pfifftoys.com\/it\/marche\/big\/","title":{"rendered":"Marke &#8211; BIG"},"content":{"rendered":"<p>BOBBY CAR di BIG, la macchinina cavalcabile di maggior successo al mondo, \u00e8 diventato nel frattempo uno dei pi\u00f9 forti marchi di giocattoli in Germania.<\/p>\n<p><em>Ma BIG offre pi\u00f9 che la sola BOBBY CAR: l\u2019assortimento include licenze originali quali Mercedes SLK, trattori CLAAS per bambini e prodotti in licenza con i personaggi Disney o Hello Kitty nonch\u00e9 scivoli, sabbiere, circuiti d\u2019acqua, slittini e tanto altro.<\/em><\/p>\n","protected":false},"excerpt":{"rendered":"<p>BOBBY CAR di BIG, la macchinina cavalcabile di maggior successo al mondo, \u00e8 diventato nel frattempo uno dei pi\u00f9 forti marchi di giocattoli in Germania. Ma BIG offre pi\u00f9 che la sola BOBBY CAR: l\u2019assortimento include licenze originali quali Mercedes SLK, trattori CLAAS per bambini e prodotti in licenza con [&hellip;]<\/p>\n","protected":false},"author":7,"featured_media":346,"parent":100,"menu_order":1,"comment_status":"open","ping_status":"open","template":"template-brand.php","meta":{"_acf_changed":false,"footnotes":""},"class_list":["post-2426","page","type-page","status-publish","has-post-thumbnail","hentry"],"acf":[],"_links":{"self":[{"href":"https:\/\/pfifftoys.com\/it\/wp-json\/wp\/v2\/pages\/2426","targetHints":{"allow":["GET"]}}],"collection":[{"href":"https:\/\/pfifftoys.com\/it\/wp-json\/wp\/v2\/pages"}],"about":[{"href":"https:\/\/pfifftoys.com\/it\/wp-json\/wp\/v2\/types\/page"}],"author":[{"embeddable":true,"href":"https:\/\/pfifftoys.com\/it\/wp-json\/wp\/v2\/users\/7"}],"replies":[{"embeddable":true,"href":"https:\/\/pfifftoys.com\/it\/wp-json\/wp\/v2\/comments?post=2426"}],"version-history":[{"count":5,"href":"https:\/\/pfifftoys.com\/it\/wp-json\/wp\/v2\/pages\/2426\/revisions"}],"predecessor-version":[{"id":8636,"href":"https:\/\/pfifftoys.com\/it\/wp-json\/wp\/v2\/pages\/2426\/revisions\/8636"}],"up":[{"embeddable":true,"href":"https:\/\/pfifftoys.com\/it\/wp-json\/wp\/v2\/pages\/100"}],"wp:featuredmedia":[{"embeddable":true,"href":"https:\/\/pfifftoys.com\/it\/wp-json\/wp\/v2\/media\/346"}],"wp:attachment":[{"href":"https:\/\/pfifftoys.com\/it\/wp-json\/wp\/v2\/media?parent=2426"}],"curies":[{"name":"wp","href":"https:\/\/api.w.org\/{rel}","templated":true}]}}