{"id":5874,"date":"2021-02-01T16:21:43","date_gmt":"2021-02-01T15:21:43","guid":{"rendered":"https:\/\/pfifftoys.com\/holzspielzeug\/"},"modified":"2021-03-08T18:37:37","modified_gmt":"2021-03-08T17:37:37","slug":"giocattoli-in-legno","status":"publish","type":"page","link":"https:\/\/pfifftoys.com\/it\/giocattoli-in-legno\/","title":{"rendered":"Giocattoli in legno"},"content":{"rendered":"<p><em>Da diversi anni i giocattoli in legno stanno vivendo un vero e proprio revival. Qualit\u00e0, sostenibilit\u00e0, longevit\u00e0 e sicurezza per neonati e prima infanzia sono solo alcuni dei motivi alla base della grande popolarit\u00e0 di mattoncini da costruzione, tracciati per palline, animali da trainare, piste per le biglie, ferrovie e puzzle in legno. La scelta \u00e8 immensa e il legno \u00e8 un materiale naturale apprezzato sia dai bambini che dai genitori e nonni.<br \/>\n<\/em><\/p>\n<p style=\"text-align: center;\"><a href=\"https:\/\/shop.pfifftoys.com\/PFIFF-TOYS-Lana-CC-Amort-Lana\/\"class=\"wpz-sc-button\" style=\";background:#ffd133;border-color:#ffd133\"><span class=\"wpz-\">Vai allo shop<\/span><\/a><\/p>\n<p>&nbsp;<\/p>\n<h2><em><strong>Prodotti per tipologia e fasce di et\u00e0: a ciascuno il suo!<\/strong><\/em><\/h2>\n<p>Vi starete forse chiedendo quale giocattolo in legno sia adatto al vostro bambino. L\u2019offerta \u00e8 ampia e riflette tutta la variet\u00e0 e la versatilit\u00e0 del materiale. Di seguito vi proponiamo una selezione di giocattoli suddivisi per et\u00e0 e fasi dello sviluppo.<\/p>\n<h3><em>Giocattoli per neonati e prima infanzia<\/em><\/h3>\n<p>I giocattoli da afferrare (come <a href=\"https:\/\/shop.pfifftoys.com\/PFIFF-TOYS-Lana-CC-Amort-Lana\/HABA-Greifling-Gl%C3%BCcksbringer-2631-40737162\" target=\"_blank\" rel=\"noopener noreferrer\">anelli<\/a>, sonagli o palestrine) stimolano la motricit\u00e0 fin dai primi mesi e sono immancabili compagni di gioco dei pi\u00f9 piccoli. Per la prima infanzia sono ideali i <a href=\"https:\/\/shop.pfifftoys.com\/PFIFF-TOYS-Lana-CC-Amort-Lana\/SpielMaus-Holz-Regenbogen-Stapelspiel-0040806687-40806687\" target=\"_blank\" rel=\"noopener noreferrer\">giochi da impilare<\/a>, i <a href=\"https:\/\/shop.pfifftoys.com\/PFIFF-TOYS-Lana-CC-Amort-Lana\/suche?query=holzbaustein&amp;logInitial=1\" target=\"_blank\" rel=\"noopener noreferrer\">mattoncini da costruzione<\/a> e i <a href=\"https:\/\/shop.pfifftoys.com\/PFIFF-TOYS-Lana-CC-Amort-Lana\/suche?query=motorikschleife+holz&amp;logInitial=1\" target=\"_blank\" rel=\"noopener noreferrer\">tracciati per palline<\/a>. Infine, ci sono i <a href=\"https:\/\/shop.pfifftoys.com\/PFIFF-TOYS-Lana-CC-Amort-Lana\/SpielMaus-Holz-Steckbox%2C-rund%2C-6-Steine-0040771115-40771115\" target=\"_blank\" rel=\"noopener noreferrer\">giochi a incastro<\/a> e i puzzle con pezzi grandi, facilmente manipolabili e utili per allenare la motricit\u00e0 fine e l\u2019immaginazione spaziale del bambino.<\/p>\n<h3><em>Giocattoli per bambini<\/em><\/h3>\n<p>I giocattoli in legno come <a href=\"https:\/\/shop.pfifftoys.com\/PFIFF-TOYS-Lana-CC-Amort-Lana\/Beeboo-Holzk%C3%BCche-rot%2C-mit-Zubeh%C3%B6r-0047024587-47024587\" target=\"_blank\" rel=\"noopener noreferrer\">cucinette<\/a>, case delle bambole e <a href=\"https:\/\/shop.pfifftoys.com\/PFIFF-TOYS-Lana-CC-Amort-Lana\/SpielMaus-Holz-Werkzeugkoffer-mit-Zubeh%C3%B6r-0041606037-41606037\" target=\"_blank\" rel=\"noopener noreferrer\">cassette degli attrezzi<\/a> con banco da lavoro invitano ai primi giochi di ruolo e avvicinano in modo ludico a gesti e oggetti quotidiani, lasciando spazio alla fantasia e alla creativit\u00e0 dei piccoli. Gli strumenti musicali (come lo <a href=\"https:\/\/shop.pfifftoys.com\/PFIFF-TOYS-Lana-CC-Amort-Lana\/Hape-Xylophon-und-Hammerspiel-E0305-68200725\" target=\"_blank\" rel=\"noopener noreferrer\">xilofono<\/a>, il flauto dolce, la chitarra e molti altri) favoriscono l\u2019apprendimento e aiutano a far emergere il talento musicale fin dai primi anni. Infine, il giocattolo in legno per eccellenza: la <a href=\"https:\/\/shop.pfifftoys.com\/PFIFF-TOYS-Lana-CC-Amort-Lana\/Beeboo-Eisenbahn-Spielset-50-teilig-0042523381-42523381\" target=\"_blank\" rel=\"noopener noreferrer\">ferrovia<\/a>. Locomotive, vagoni, binari, scambi e altri accessori come stazioni e personaggi entusiasmano i piccoli e invogliano anche i grandi a giocare.<\/p>\n<h3><em>Per tutte le et\u00e0<\/em><\/h3>\n<p>I <a href=\"https:\/\/shop.pfifftoys.com\/PFIFF-TOYS-Lana-CC-Amort-Lana\/suche?query=geduldspiel+w%C3%BCrfel&amp;logInitial=1\" target=\"_blank\" rel=\"noopener noreferrer\">giocattoli di pazienza<\/a> come i cubi 3D e i <a href=\"https:\/\/shop.pfifftoys.com\/PFIFF-TOYS-Lana-CC-Amort-Lana\/suche?query=geschicklichkeitsspiel+holz&amp;logInitial=1\" target=\"_blank\" rel=\"noopener noreferrer\">giochi di abilit\u00e0<\/a> sono un ottimo passatempo per i pi\u00f9 ingegnosi, mentre le lettere colorate e altri accessori in legno aiutano i genitori a rendere le camerette dei bimbi pi\u00f9 allegre e accoglienti.<\/p>\n<p>[slideshow_deploy id=&#8217;5690&#8242;]<\/p>\n<p>&nbsp;<\/p>\n<h2><em><strong>Giocattoli educativi e di qualit\u00e0<\/strong><\/em><\/h2>\n<p>La robustezza e la longevit\u00e0 dei giocattoli in legno sono indiscutibili, ma quali altre caratteristiche contribuiscono alla loro popolarit\u00e0?<\/p>\n<div class=\"shortcode-orderedlist decimal\"><\/p>\n<ol>\n<li><em>Sostenibilit\u00e0, rispetto dell\u2019ambiente e consumo consapevole<\/em> sono oggi temi di grande attualit\u00e0. I giocattoli in legno offrono ai consumatori la possibilit\u00e0 di fare una scelta pi\u00f9 ecologica nei loro acquisti. Il legno \u00e8 una materia prima rinnovabile, facile da smaltire e di lunga durata: un\u2019alternativa ideale alla plastica, anche nel mondo dei giocattoli. Il nostro consiglio: scegliete giocattoli in legno con certificazione PEFC o FSC che garantiscono la provenienza da foreste gestite in modo sostenibile.<\/li>\n<li>L\u2019ottima lavorabilit\u00e0 fa del legno una materia prima ideale per la produzione di <em>giocattoli dalle molteplici forme e colori<\/em>. La variet\u00e0 delle superfici stimola inoltre i sensi e favorisce la creativit\u00e0 e la curiosit\u00e0 dei pi\u00f9 piccoli.<\/li>\n<li>Il legno \u00e8 una materia naturale di qualit\u00e0, <em>robusta e particolarmente resistente<\/em>. I giocattoli in legno sono generalmente pi\u00f9 longevi di quelli realizzati con altri materiali, come la plastica, e per questo vengono spesso tramandati di generazione in generazione.<\/li>\n<li>Per genitori e nonni, la <em>sicurezza<\/em> rappresenta un aspetto fondamentale nella scelta dei giocattoli per figli e nipoti. I produttori affidabili garantiscono articoli privi di sostanze nocive e sicuri per la salute del bambino.<\/li>\n<li>Dai sonagli alla ferrovia, la <em>scelta \u00e8 ampia e varia per i bambini di ogni et\u00e0<\/em>. I giocattoli in legno stimolano la voglia di giocare e la curiosit\u00e0 in ogni fase dello sviluppo.<\/li>\n<li>La <em>praticit\u00e0<\/em> \u00e8 sempre apprezzata dai genitori: per pulire i giocattoli in legno basta un panno umido!<\/li>\n<li>I giocattoli in legno hanno spesso un <em>valore affettivo<\/em>, legato alla tradizione, al lavoro artigianale e alla professionalit\u00e0 di produttori e manifatture ricchi di storia.<\/li>\n<\/ol>\n<p><\/div>\n\n<h2><em><strong>I nostri marchi migliori per i giocattoli in legno<\/strong><\/em><\/h2>\n<p>Pfiff Toys offre giocattoli e oggetti decorativi in legno di numerose aziende. Nelle nostre filiali e nello shop online trovate, tra gli altri, anche gli articoli dei seguenti marchi.<\/p>\n<div class=\"twocol-one\">\n<p><a href=\"https:\/\/shop.pfifftoys.com\/PFIFF-TOYS-Lana-CC-Amort-Lana\/marken\/HABA\" target=\"_blank\" rel=\"noopener noreferrer\">HABA<\/a><\/p>\n<p>Il marchio tedesco \u00e8 garanzia di materiali di alta qualit\u00e0 e accurata lavorazione. Per i suoi giocattoli, fabbricati in Germania, Haba utilizza prevalentemente <em>legno di faggio<\/em> di provenienza locale.<\/p>\n<p><a href=\"https:\/\/shop.pfifftoys.com\/PFIFF-TOYS-Lana-CC-Amort-Lana\/marken\/Natural%20Games\" target=\"_blank\" rel=\"noopener noreferrer\">Natural Games<\/a><\/p>\n<p>Natural Games firma giochi classici come <em>domino, scacchi, mikado<\/em> e <em>roulette<\/em>, ma anche giochi di abilit\u00e0 e di pazienza, utilizzando quasi esclusivamente legno certificato FSC. Il marchio \u00e8 sinonimo di qualit\u00e0 e sostenibilit\u00e0 ai massimi livelli.<\/p>\n<p><a href=\"https:\/\/shop.pfifftoys.com\/PFIFF-TOYS-Lana-CC-Amort-Lana\/marken\/Hape\" target=\"_blank\" rel=\"noopener noreferrer\">Hape<\/a><\/p>\n<p>Hape Toys \u00e8 un\u2019azienda di livello mondiale specializzata nella produzione di giocattoli a partire da materiali rinnovabili. Gli articoli, realizzati nel rispetto di severi <em>standard ecologici e di qualit\u00e0<\/em>, uniscono innovazione e <em>responsabilit\u00e0 su scala globale<\/em>.<\/p>\n<\/div> <div class=\"twocol-one last\">\n<p>&nbsp;<\/p>\n<p><a href=\"https:\/\/shop.pfifftoys.com\/PFIFF-TOYS-Lana-CC-Amort-Lana\/marken\/brio\" target=\"_blank\" rel=\"noopener noreferrer\">BRIO<\/a><\/p>\n<p>La ferrovia BRIO \u00e8 un classico intramontabile: il <em>set ferrovia di legno<\/em> con locomotive, vagoni, binari, rotonde girevoli, edifici e altri accessori ha da generazioni un posto fisso nelle camerette dei futuri macchinisti e delle ingegnere ferroviarie in erba.<\/p>\n<h3><em>Altri marchi:<\/em><\/h3>\n<ul>\n<li><a href=\"https:\/\/shop.pfifftoys.com\/PFIFF-TOYS-Lana-CC-Amort-Lana\/marken\/SpielMaus%20Holz\" target=\"_blank\" rel=\"noopener noreferrer\">SpielMaus<\/a> Holz<\/li>\n<li><a href=\"https:\/\/shop.pfifftoys.com\/PFIFF-TOYS-Lana-CC-Amort-Lana\/marken\/beeboo\" target=\"_blank\" rel=\"noopener noreferrer\">beeboo<\/a><\/li>\n<li>Pinolino<\/li>\n<li>Tanner<\/li>\n<li>goki<\/li>\n<li>Hess<\/li>\n<\/ul>\n<\/div><\/p>\n<p>&nbsp;<\/p>\n<p style=\"text-align: center;\"><a href=\"https:\/\/shop.pfifftoys.com\/PFIFF-TOYS-Lana-CC-Amort-Lana\/\"class=\"wpz-sc-button\" style=\";background:#ffd133;border-color:#ffd133\"><span class=\"wpz-\">Vai allo shop<\/span><\/a><\/p>\n<p>&nbsp;<\/p>\n<p>&nbsp;<\/p>\n<p>&nbsp;<\/p>\n","protected":false},"excerpt":{"rendered":"<p>Da diversi anni i giocattoli in legno stanno vivendo un vero e proprio revival. Qualit\u00e0, sostenibilit\u00e0, longevit\u00e0 e sicurezza per neonati e prima infanzia sono solo alcuni dei motivi alla base della grande popolarit\u00e0 di mattoncini da costruzione, tracciati per palline, animali da trainare, piste per le biglie, ferrovie e [&hellip;]<\/p>\n","protected":false},"author":7,"featured_media":0,"parent":0,"menu_order":3,"comment_status":"closed","ping_status":"closed","template":"template-landingpage.php","meta":{"_acf_changed":false,"footnotes":""},"class_list":["post-5874","page","type-page","status-publish","hentry"],"acf":[],"_links":{"self":[{"href":"https:\/\/pfifftoys.com\/it\/wp-json\/wp\/v2\/pages\/5874","targetHints":{"allow":["GET"]}}],"collection":[{"href":"https:\/\/pfifftoys.com\/it\/wp-json\/wp\/v2\/pages"}],"about":[{"href":"https:\/\/pfifftoys.com\/it\/wp-json\/wp\/v2\/types\/page"}],"author":[{"embeddable":true,"href":"https:\/\/pfifftoys.com\/it\/wp-json\/wp\/v2\/users\/7"}],"replies":[{"embeddable":true,"href":"https:\/\/pfifftoys.com\/it\/wp-json\/wp\/v2\/comments?post=5874"}],"version-history":[{"count":9,"href":"https:\/\/pfifftoys.com\/it\/wp-json\/wp\/v2\/pages\/5874\/revisions"}],"predecessor-version":[{"id":5995,"href":"https:\/\/pfifftoys.com\/it\/wp-json\/wp\/v2\/pages\/5874\/revisions\/5995"}],"wp:attachment":[{"href":"https:\/\/pfifftoys.com\/it\/wp-json\/wp\/v2\/media?parent=5874"}],"curies":[{"name":"wp","href":"https:\/\/api.w.org\/{rel}","templated":true}]}}