{"id":652,"date":"2015-05-23T13:16:07","date_gmt":"2015-05-23T11:16:07","guid":{"rendered":"https:\/\/pfifftoys.com\/?page_id=652"},"modified":"2021-11-19T09:19:27","modified_gmt":"2021-11-19T08:19:27","slug":"jobs","status":"publish","type":"page","link":"https:\/\/pfifftoys.com\/it\/jobs\/","title":{"rendered":"Jobs"},"content":{"rendered":"<ul>\n<li style=\"text-align: center;\"><strong>Siamo cercando<\/strong><em><strong> un commesso \/ una commessa per le nostre filiale di <\/strong><\/em><strong><em>Varna, Lagundo <\/em><\/strong><em><strong>e <\/strong><\/em><strong>Appiano <\/strong><em><strong>(tempo pieno)! <\/strong><strong>Si prega di inviare la Vostra candidatura dettagliata a: <\/strong><a href=\"mailto:personal@pfifftoys.com\">personal@pfifftoys.com<\/a><\/em><\/li>\n<\/ul>\n<p>Con in tutto dieci filiali distribuite sull\u2019intero territorio sudtirolese, Pfiff Toys \u00e8 una delle pi\u00f9 grandi catene specializzate in giocattoli del Nord Italia. Quotidianamente, il compito del nostro team \u00e8 quello di rendere felici i nostri clienti, sia grandi che piccoli.<\/p>\n<p><em>Oltre alla soddisfazione dei nostri clienti, per Pfiff Toys ha priorit\u00e0 assoluta anche quella dei nostri collaboratori. Team motivati ed affiatati rappresentano le basi del nostro successo.<\/em><\/p>\n<p>Se siete interessati a partecipare a questo viaggio per costruire il futuro della nostra azienda e condividete la nostra passione e la nostra motivazione, da noi siete nel posto giusto. Offriamo un lavoro variegato e ricco di sfide in una piacevole atmosfera di lavoro.<\/p>\n<p style=\"text-align: center;\"><img loading=\"lazy\" decoding=\"async\" class=\"aligncenter wp-image-1664 size-full\" src=\"https:\/\/pfifftoys.com\/wp-content\/uploads\/2015\/05\/z-2halb-sterne-web.png\" alt=\"Z 2halb Sterne WEB\" width=\"600\" height=\"120\" srcset=\"https:\/\/pfifftoys.com\/wp-content\/uploads\/2015\/05\/z-2halb-sterne-web.png 600w, https:\/\/pfifftoys.com\/wp-content\/uploads\/2015\/05\/z-2halb-sterne-web-300x60.png 300w, https:\/\/pfifftoys.com\/wp-content\/uploads\/2015\/05\/z-2halb-sterne-web-275x55.png 275w\" sizes=\"auto, (max-width: 600px) 100vw, 600px\" \/><\/p>\n<p style=\"text-align: center;\"><img loading=\"lazy\" decoding=\"async\" class=\"wp-image-1665 size-full aligncenter\" src=\"https:\/\/pfifftoys.com\/wp-content\/uploads\/2015\/05\/b-3_medium-web.png\" alt=\"B 3_medium WEB\" width=\"600\" height=\"120\" srcset=\"https:\/\/pfifftoys.com\/wp-content\/uploads\/2015\/05\/b-3_medium-web.png 600w, https:\/\/pfifftoys.com\/wp-content\/uploads\/2015\/05\/b-3_medium-web-300x60.png 300w, https:\/\/pfifftoys.com\/wp-content\/uploads\/2015\/05\/b-3_medium-web-275x55.png 275w\" sizes=\"auto, (max-width: 600px) 100vw, 600px\" \/><\/p>\n","protected":false},"excerpt":{"rendered":"<p>Siamo cercando un commesso \/ una commessa per le nostre filiale di Varna, Lagundo e Appiano (tempo pieno)! Si prega di inviare la Vostra candidatura dettagliata a: personal@pfifftoys.com Con in tutto dieci filiali distribuite sull\u2019intero territorio sudtirolese, Pfiff Toys \u00e8 una delle pi\u00f9 grandi catene specializzate in giocattoli del Nord [&hellip;]<\/p>\n","protected":false},"author":7,"featured_media":0,"parent":0,"menu_order":4,"comment_status":"closed","ping_status":"open","template":"template-jobs.php","meta":{"_acf_changed":false,"footnotes":""},"class_list":["post-652","page","type-page","status-publish","hentry"],"acf":[],"_links":{"self":[{"href":"https:\/\/pfifftoys.com\/it\/wp-json\/wp\/v2\/pages\/652","targetHints":{"allow":["GET"]}}],"collection":[{"href":"https:\/\/pfifftoys.com\/it\/wp-json\/wp\/v2\/pages"}],"about":[{"href":"https:\/\/pfifftoys.com\/it\/wp-json\/wp\/v2\/types\/page"}],"author":[{"embeddable":true,"href":"https:\/\/pfifftoys.com\/it\/wp-json\/wp\/v2\/users\/7"}],"replies":[{"embeddable":true,"href":"https:\/\/pfifftoys.com\/it\/wp-json\/wp\/v2\/comments?post=652"}],"version-history":[{"count":27,"href":"https:\/\/pfifftoys.com\/it\/wp-json\/wp\/v2\/pages\/652\/revisions"}],"predecessor-version":[{"id":7020,"href":"https:\/\/pfifftoys.com\/it\/wp-json\/wp\/v2\/pages\/652\/revisions\/7020"}],"wp:attachment":[{"href":"https:\/\/pfifftoys.com\/it\/wp-json\/wp\/v2\/media?parent=652"}],"curies":[{"name":"wp","href":"https:\/\/api.w.org\/{rel}","templated":true}]}}