{"id":656,"date":"2014-09-23T09:08:47","date_gmt":"2014-09-23T07:08:47","guid":{"rendered":"https:\/\/pfifftoys.com\/negozi\/lana-cc-amort\/"},"modified":"2022-06-22T11:17:18","modified_gmt":"2022-06-22T09:17:18","slug":"lana-cc-amort","status":"publish","type":"page","link":"https:\/\/pfifftoys.com\/it\/negozi\/lana-cc-amort\/","title":{"rendered":"Lana | C&#038;C Amort"},"content":{"rendered":"<p>&#8220;Ampia scelta, grande disponibilit\u00e0&#8221; cos\u00ec si riconosce i negozi Pfiff Toys. Cos\u00ec anche la nostra filiale a Lana con una superficie di 700m\u00b2. Lasciatevi sorprendere. Sarete stupiti! Lo shopping sar\u00e0 divertente per voi e per i vostri bambini!<\/p>\n","protected":false},"excerpt":{"rendered":"<p>&#8220;Ampia scelta, grande disponibilit\u00e0&#8221; cos\u00ec si riconosce i negozi Pfiff Toys. Cos\u00ec anche la nostra filiale a Lana con una superficie di 700m\u00b2. Lasciatevi sorprendere. Sarete stupiti! Lo shopping sar\u00e0 divertente per voi e per i vostri bambini!<\/p>\n","protected":false},"author":7,"featured_media":0,"parent":81,"menu_order":0,"comment_status":"open","ping_status":"open","template":"template-place.php","meta":{"_acf_changed":false,"footnotes":""},"class_list":["post-656","page","type-page","status-publish","hentry"],"acf":[],"_links":{"self":[{"href":"https:\/\/pfifftoys.com\/it\/wp-json\/wp\/v2\/pages\/656","targetHints":{"allow":["GET"]}}],"collection":[{"href":"https:\/\/pfifftoys.com\/it\/wp-json\/wp\/v2\/pages"}],"about":[{"href":"https:\/\/pfifftoys.com\/it\/wp-json\/wp\/v2\/types\/page"}],"author":[{"embeddable":true,"href":"https:\/\/pfifftoys.com\/it\/wp-json\/wp\/v2\/users\/7"}],"replies":[{"embeddable":true,"href":"https:\/\/pfifftoys.com\/it\/wp-json\/wp\/v2\/comments?post=656"}],"version-history":[{"count":78,"href":"https:\/\/pfifftoys.com\/it\/wp-json\/wp\/v2\/pages\/656\/revisions"}],"predecessor-version":[{"id":7467,"href":"https:\/\/pfifftoys.com\/it\/wp-json\/wp\/v2\/pages\/656\/revisions\/7467"}],"up":[{"embeddable":true,"href":"https:\/\/pfifftoys.com\/it\/wp-json\/wp\/v2\/pages\/81"}],"wp:attachment":[{"href":"https:\/\/pfifftoys.com\/it\/wp-json\/wp\/v2\/media?parent=656"}],"curies":[{"name":"wp","href":"https:\/\/api.w.org\/{rel}","templated":true}]}}