{"id":97,"date":"2014-09-23T13:15:47","date_gmt":"2014-09-23T11:15:47","guid":{"rendered":"https:\/\/pfifftoys.com\/pfifftoys\/?page_id=97"},"modified":"2025-09-24T08:28:12","modified_gmt":"2025-09-24T06:28:12","slug":"lagundo-maxi-mode-center","status":"publish","type":"page","link":"https:\/\/pfifftoys.com\/it\/negozi\/lagundo-maxi-mode-center\/","title":{"rendered":"Lagundo | ALGO Center"},"content":{"rendered":"<p>Nel 2012 Pfiff Toys ha aperto la suo punto vendita nummero 9 a Lagundo in prossimit\u00e0 di Merano. Venite a trovarci al negozio di giocattoli pi\u00f9 bello del Sudtirolo. Il negozio offre una grandissima scelta su pi\u00f9 di 700 m2.<\/p>\n","protected":false},"excerpt":{"rendered":"<p>Nel 2012 Pfiff Toys ha aperto la suo punto vendita nummero 9 a Lagundo in prossimit\u00e0 di Merano. Venite a trovarci al negozio di giocattoli pi\u00f9 bello del Sudtirolo. Il negozio offre una grandissima scelta su pi\u00f9 di 700 m2.<\/p>\n","protected":false},"author":7,"featured_media":0,"parent":81,"menu_order":0,"comment_status":"open","ping_status":"closed","template":"template-place.php","meta":{"_acf_changed":false,"footnotes":""},"class_list":["post-97","page","type-page","status-publish","hentry"],"acf":[],"_links":{"self":[{"href":"https:\/\/pfifftoys.com\/it\/wp-json\/wp\/v2\/pages\/97","targetHints":{"allow":["GET"]}}],"collection":[{"href":"https:\/\/pfifftoys.com\/it\/wp-json\/wp\/v2\/pages"}],"about":[{"href":"https:\/\/pfifftoys.com\/it\/wp-json\/wp\/v2\/types\/page"}],"author":[{"embeddable":true,"href":"https:\/\/pfifftoys.com\/it\/wp-json\/wp\/v2\/users\/7"}],"replies":[{"embeddable":true,"href":"https:\/\/pfifftoys.com\/it\/wp-json\/wp\/v2\/comments?post=97"}],"version-history":[{"count":72,"href":"https:\/\/pfifftoys.com\/it\/wp-json\/wp\/v2\/pages\/97\/revisions"}],"predecessor-version":[{"id":8610,"href":"https:\/\/pfifftoys.com\/it\/wp-json\/wp\/v2\/pages\/97\/revisions\/8610"}],"up":[{"embeddable":true,"href":"https:\/\/pfifftoys.com\/it\/wp-json\/wp\/v2\/pages\/81"}],"wp:attachment":[{"href":"https:\/\/pfifftoys.com\/it\/wp-json\/wp\/v2\/media?parent=97"}],"curies":[{"name":"wp","href":"https:\/\/api.w.org\/{rel}","templated":true}]}}